{"id":19,"date":"2023-03-20T08:00:55","date_gmt":"2023-03-20T08:00:55","guid":{"rendered":"https:\/\/ingautomazione.uniroma2.it\/?page_id=19"},"modified":"2023-03-28T13:19:19","modified_gmt":"2023-03-28T13:19:19","slug":"sbocchi-occupazionali","status":"publish","type":"page","link":"https:\/\/ingautomazione.uniroma2.it\/?page_id=19","title":{"rendered":"Sbocchi occupazionali"},"content":{"rendered":"\n<p class=\"has-medium-font-size\">L&#8217;ingegnere dell&#8217;Automazione ha competenze che gli permettono di operare in tre aree principali: le aziende che producono e forniscono sistemi d&#8217;automazione, le aziende e le societ\u00e0 che utilizzano impianti automatizzati di produzione o gestiscono servizi d&#8217;elevata complessit\u00e0, le societ\u00e0 d&#8217;ingegneria e di consulenza che studiano e progettano impianti e sistemi complessi, tecnologicamente sofisticati.<\/p>\n\n\n\n<p class=\"has-medium-font-size\">L&#8217;ingegnere dell&#8217;Automazione pu\u00f2 trovare impiego in tutte le industrie, aziende ed enti nei quali i sistemi di predizione, diagnosi, controllo e supporto alle decisioni sono tecnologicamente rilevanti.<\/p>\n\n\n\n<p class=\"has-medium-font-size\">I principali contesti lavorativi in cui un ingegnere dell&#8217;Automazione pu\u00f2 applicare le proprie competenze sono enti di ricerca e industrie dei settori spaziale, nucleare e della difesa; aziende impegnate nella produzione industriale (automobilistica, aerea, manifatturiera, farmaceutica); impianti di produzione, trasformazione e distribuzione dell&#8217;energia; impianti petrolchimici e farmaceutici.<\/p>\n","protected":false},"excerpt":{"rendered":"<p>L&#8217;ingegnere dell&#8217;Automazione ha competenze che gli permettono di operare in tre aree principali: le aziende che producono e forniscono sistemi d&#8217;automazione, le aziende e le societ\u00e0 che utilizzano impianti automatizzati di produzione o gestiscono servizi d&#8217;elevata complessit\u00e0, le societ\u00e0 d&#8217;ingegneria<\/p>\n","protected":false},"author":2,"featured_media":0,"parent":0,"menu_order":4,"comment_status":"closed","ping_status":"closed","template":"","meta":{"footnotes":""},"_links":{"self":[{"href":"https:\/\/ingautomazione.uniroma2.it\/index.php?rest_route=\/wp\/v2\/pages\/19"}],"collection":[{"href":"https:\/\/ingautomazione.uniroma2.it\/index.php?rest_route=\/wp\/v2\/pages"}],"about":[{"href":"https:\/\/ingautomazione.uniroma2.it\/index.php?rest_route=\/wp\/v2\/types\/page"}],"author":[{"embeddable":true,"href":"https:\/\/ingautomazione.uniroma2.it\/index.php?rest_route=\/wp\/v2\/users\/2"}],"replies":[{"embeddable":true,"href":"https:\/\/ingautomazione.uniroma2.it\/index.php?rest_route=%2Fwp%2Fv2%2Fcomments&post=19"}],"version-history":[{"count":4,"href":"https:\/\/ingautomazione.uniroma2.it\/index.php?rest_route=\/wp\/v2\/pages\/19\/revisions"}],"predecessor-version":[{"id":301,"href":"https:\/\/ingautomazione.uniroma2.it\/index.php?rest_route=\/wp\/v2\/pages\/19\/revisions\/301"}],"wp:attachment":[{"href":"https:\/\/ingautomazione.uniroma2.it\/index.php?rest_route=%2Fwp%2Fv2%2Fmedia&parent=19"}],"curies":[{"name":"wp","href":"https:\/\/api.w.org\/{rel}","templated":true}]}}